{"id":566,"date":"2019-11-26T07:46:11","date_gmt":"2019-11-26T07:46:11","guid":{"rendered":"https:\/\/www.vieillebranche.fr\/?post_type=product&#038;p=566"},"modified":"2024-11-21T09:26:12","modified_gmt":"2024-11-21T09:26:12","slug":"objet-decoratif-bois","status":"publish","type":"product","link":"https:\/\/www.vieillebranche.fr\/en\/produit\/objet-decoratif-bois\/","title":{"rendered":"OBJET D\u00c9CORATIF BOIS NATUREL"},"content":{"rendered":"","protected":false},"excerpt":{"rendered":"<h2>Amoureuse et amoureux du bois naturel<\/h2>\n<p>D\u00e9couvrez cet objet d\u00e9coratif bois naturel sabl\u00e9, de 70 ans d&#8217;\u00e2ge. Fa\u00e7onn\u00e9 au rythme des vendanges, ce cep de vigne a pouss\u00e9 dans le vignoble Nantais pour donner toute sa vie du Muscadet sur Lie.<br \/>\nCe pied de vigne est du bois recycl\u00e9. Nous l&#8217;avons nettoy\u00e9, sabl\u00e9 et trait\u00e9 pour lui redonner une seconde vie. Mont\u00e9 sur un socle en bois clair et vitrifi\u00e9, il devient un objet d\u00e9co \u00e0 part enti\u00e8re.<\/p>\n<p>Un objet d\u00e9coratif en bois qui donnera une identit\u00e9 unique \u00e0 votre pi\u00e8ce.<br \/>\nPoids du cep hors emballage : 3,6 kg<\/p>\n","protected":false},"featured_media":21383,"comment_status":"closed","ping_status":"closed","template":"","meta":[],"product_brand":[],"product_cat":[18,57],"product_tag":[],"class_list":{"0":"post-566","1":"product","2":"type-product","3":"status-publish","4":"has-post-thumbnail","6":"product_cat-bois-decoration","7":"product_cat-objet-deco-bois-sable","9":"first","10":"instock","11":"taxable","12":"shipping-taxable","13":"purchasable","14":"product-type-simple"},"_links":{"self":[{"href":"https:\/\/www.vieillebranche.fr\/en\/wp-json\/wp\/v2\/product\/566","targetHints":{"allow":["GET"]}}],"collection":[{"href":"https:\/\/www.vieillebranche.fr\/en\/wp-json\/wp\/v2\/product"}],"about":[{"href":"https:\/\/www.vieillebranche.fr\/en\/wp-json\/wp\/v2\/types\/product"}],"replies":[{"embeddable":true,"href":"https:\/\/www.vieillebranche.fr\/en\/wp-json\/wp\/v2\/comments?post=566"}],"version-history":[{"count":0,"href":"https:\/\/www.vieillebranche.fr\/en\/wp-json\/wp\/v2\/product\/566\/revisions"}],"wp:featuredmedia":[{"embeddable":true,"href":"https:\/\/www.vieillebranche.fr\/en\/wp-json\/wp\/v2\/media\/21383"}],"wp:attachment":[{"href":"https:\/\/www.vieillebranche.fr\/en\/wp-json\/wp\/v2\/media?parent=566"}],"wp:term":[{"taxonomy":"product_brand","embeddable":true,"href":"https:\/\/www.vieillebranche.fr\/en\/wp-json\/wp\/v2\/product_brand?post=566"},{"taxonomy":"product_cat","embeddable":true,"href":"https:\/\/www.vieillebranche.fr\/en\/wp-json\/wp\/v2\/product_cat?post=566"},{"taxonomy":"product_tag","embeddable":true,"href":"https:\/\/www.vieillebranche.fr\/en\/wp-json\/wp\/v2\/product_tag?post=566"}],"curies":[{"name":"wp","href":"https:\/\/api.w.org\/{rel}","templated":true}]}}