{"id":5634,"date":"2022-07-11T15:57:14","date_gmt":"2022-07-11T15:57:14","guid":{"rendered":"https:\/\/www.vieillebranche.fr\/?post_type=product&#038;p=5634"},"modified":"2024-10-05T07:40:52","modified_gmt":"2024-10-05T07:40:52","slug":"pied-de-vigne-deco-vegetalise-1","status":"publish","type":"product","link":"https:\/\/www.vieillebranche.fr\/en\/produit\/pied-de-vigne-deco-vegetalise-1\/","title":{"rendered":"PIED DE VIGNE DECO V\u00c9G\u00c9TALIS\u00c9 1"},"content":{"rendered":"","protected":false},"excerpt":{"rendered":"<h2>NOTRE COUP DE C\u0152UR : l&#8217;objet d\u00e9co en pied de vigne v\u00e9g\u00e9talis\u00e9 !<\/h2>\n<p>Nous avons voulu redonner vie \u00e0 ce cep de vigne de 70 ans d&#8217;\u00e2ge. La v\u00e9g\u00e9talisation consiste \u00e0 fixer directement dans les creux du cep, un Tillandsia. Le pied de vigne d\u00e9co v\u00e9g\u00e9talis\u00e9 devient alors un nouveau support naturel.<br \/>\nTr\u00e8s peu d&#8217;entretien suffit : vaporisez un peu d&#8217;eau une \u00e0 deux fois par semaine et le travail en fait !<\/p>\n<p>Il peut \u00eatre utilis\u00e9 comme centre de table pour les mariages ou dans les restaurants.<br \/>\nPlus original qu&#8217;une plante : laissez-vous s\u00e9duire par ce pied de vigne v\u00e9g\u00e9tal.<\/p>\n<p>INFORMATIONS :<\/p>\n<ul>\n<li>Exp\u00e9dition difficile : nous vous invitons \u00e0 le r\u00e9cup\u00e9rer directement \u00e0 l&#8217;<a href=\"https:\/\/www.vieillebranche.fr\/contact\/\">atelier Vieille Branche<\/a><\/li>\n<li>Possibilit\u00e9 de commander plusieurs cr\u00e9ations v\u00e9g\u00e9talis\u00e9es. Nous nous chargeons de la livraison <em>(sur devis)<\/em>.<\/li>\n<\/ul>\n","protected":false},"featured_media":5612,"comment_status":"closed","ping_status":"closed","template":"","meta":[],"product_brand":[],"product_cat":[18,57],"product_tag":[],"class_list":{"0":"post-5634","1":"product","2":"type-product","3":"status-publish","4":"has-post-thumbnail","6":"product_cat-bois-decoration","7":"product_cat-objet-deco-bois-sable","9":"first","10":"outofstock","11":"taxable","12":"shipping-taxable","13":"purchasable","14":"product-type-simple"},"_links":{"self":[{"href":"https:\/\/www.vieillebranche.fr\/en\/wp-json\/wp\/v2\/product\/5634","targetHints":{"allow":["GET"]}}],"collection":[{"href":"https:\/\/www.vieillebranche.fr\/en\/wp-json\/wp\/v2\/product"}],"about":[{"href":"https:\/\/www.vieillebranche.fr\/en\/wp-json\/wp\/v2\/types\/product"}],"replies":[{"embeddable":true,"href":"https:\/\/www.vieillebranche.fr\/en\/wp-json\/wp\/v2\/comments?post=5634"}],"version-history":[{"count":0,"href":"https:\/\/www.vieillebranche.fr\/en\/wp-json\/wp\/v2\/product\/5634\/revisions"}],"wp:featuredmedia":[{"embeddable":true,"href":"https:\/\/www.vieillebranche.fr\/en\/wp-json\/wp\/v2\/media\/5612"}],"wp:attachment":[{"href":"https:\/\/www.vieillebranche.fr\/en\/wp-json\/wp\/v2\/media?parent=5634"}],"wp:term":[{"taxonomy":"product_brand","embeddable":true,"href":"https:\/\/www.vieillebranche.fr\/en\/wp-json\/wp\/v2\/product_brand?post=5634"},{"taxonomy":"product_cat","embeddable":true,"href":"https:\/\/www.vieillebranche.fr\/en\/wp-json\/wp\/v2\/product_cat?post=5634"},{"taxonomy":"product_tag","embeddable":true,"href":"https:\/\/www.vieillebranche.fr\/en\/wp-json\/wp\/v2\/product_tag?post=5634"}],"curies":[{"name":"wp","href":"https:\/\/api.w.org\/{rel}","templated":true}]}}