{"id":5592,"date":"2022-07-10T10:24:37","date_gmt":"2022-07-10T10:24:37","guid":{"rendered":"https:\/\/www.vieillebranche.fr\/?post_type=product&#038;p=5592"},"modified":"2025-06-10T06:46:56","modified_gmt":"2025-06-10T06:46:56","slug":"grande-lampe-ampoule-vintage-5-2","status":"publish","type":"product","link":"https:\/\/www.vieillebranche.fr\/en\/produit\/grande-lampe-ampoule-vintage-5-2\/","title":{"rendered":"LAMPE AMPOULE VINTAGE 5"},"content":{"rendered":"\t\t<div data-elementor-type=\"product-post\" data-elementor-id=\"5592\" class=\"elementor elementor-5592\" data-elementor-post-type=\"product\">\n\t\t\t\t\t\t<section class=\"elementor-section elementor-top-section elementor-element elementor-element-a0ca8d7 elementor-section-boxed elementor-section-height-default elementor-section-height-default\" data-id=\"a0ca8d7\" data-element_type=\"section\" data-e-type=\"section\">\n\t\t\t\t\t\t<div class=\"elementor-container elementor-column-gap-default\">\n\t\t\t\t\t<div class=\"elementor-column elementor-col-100 elementor-top-column elementor-element elementor-element-ecce3f5\" data-id=\"ecce3f5\" data-element_type=\"column\" data-e-type=\"column\">\n\t\t\t<div class=\"elementor-widget-wrap elementor-element-populated\">\n\t\t\t\t\t\t<div class=\"elementor-element elementor-element-141342b elementor-widget elementor-widget-text-editor\" data-id=\"141342b\" data-element_type=\"widget\" data-e-type=\"widget\" data-widget_type=\"text-editor.default\">\n\t\t\t\t\t\t\t\t\t<p>Si vous aimez la d\u00e9co \u00e9cologique, alors vous tomberez sous le charme de nos lampes en bois sabl\u00e9 !<\/p><p>Fabrication artisanale \u2013 Nantes Sud Loire<\/p><p>Produit confectionn\u00e9 dans l&#8217;atelier Vieille Branche (socle, pied et c\u00e2ble d&#8217;alimentation)<\/p><p>\u00a0<\/p>\t\t\t\t\t\t\t\t<\/div>\n\t\t\t\t\t<\/div>\n\t\t<\/div>\n\t\t\t\t\t<\/div>\n\t\t<\/section>\n\t\t\t\t<\/div>\n\t\t","protected":false},"excerpt":{"rendered":"<h2>Lampe en cep de vigne &#8211; 3 branches<\/h2>\n<p>Avec son ampoule et sa douille style ancien de 13 cm, cette lampe authentique diffuse une ambiance chaleureuse et indus dans votre pi\u00e8ce.<br \/>\nCette lampe ampoule vintage a \u00e9t\u00e9 confectionn\u00e9e dans l&#8217;atelier Vieille Branche \u00e0 partir d&#8217;un cep de vigne de plus de 70 ans !<\/p>\n<p>Chaque cep de vigne est unique. Longilignes, naturels, de 1 \u00e0 5 branches, ils ont chacun une histoire \u00e0 vous raconter.<\/p>\n<p>Cr\u00e9ez votre propre d\u00e9co en m\u00e9langeant le bois naturel et la lumi\u00e8re difuse.<\/p>\n<p>Poids de la lampe : 1,8 kg<br \/>\nL&#8217;ampoule est fournie.<\/p>\n","protected":false},"featured_media":5539,"comment_status":"open","ping_status":"closed","template":"","meta":[],"product_brand":[],"product_cat":[18,57],"product_tag":[],"class_list":{"0":"post-5592","1":"product","2":"type-product","3":"status-publish","4":"has-post-thumbnail","6":"product_cat-bois-decoration","7":"product_cat-objet-deco-bois-sable","9":"first","10":"instock","11":"sale","12":"sold-individually","13":"taxable","14":"shipping-taxable","15":"purchasable","16":"product-type-simple"},"_links":{"self":[{"href":"https:\/\/www.vieillebranche.fr\/en\/wp-json\/wp\/v2\/product\/5592","targetHints":{"allow":["GET"]}}],"collection":[{"href":"https:\/\/www.vieillebranche.fr\/en\/wp-json\/wp\/v2\/product"}],"about":[{"href":"https:\/\/www.vieillebranche.fr\/en\/wp-json\/wp\/v2\/types\/product"}],"replies":[{"embeddable":true,"href":"https:\/\/www.vieillebranche.fr\/en\/wp-json\/wp\/v2\/comments?post=5592"}],"version-history":[{"count":0,"href":"https:\/\/www.vieillebranche.fr\/en\/wp-json\/wp\/v2\/product\/5592\/revisions"}],"wp:featuredmedia":[{"embeddable":true,"href":"https:\/\/www.vieillebranche.fr\/en\/wp-json\/wp\/v2\/media\/5539"}],"wp:attachment":[{"href":"https:\/\/www.vieillebranche.fr\/en\/wp-json\/wp\/v2\/media?parent=5592"}],"wp:term":[{"taxonomy":"product_brand","embeddable":true,"href":"https:\/\/www.vieillebranche.fr\/en\/wp-json\/wp\/v2\/product_brand?post=5592"},{"taxonomy":"product_cat","embeddable":true,"href":"https:\/\/www.vieillebranche.fr\/en\/wp-json\/wp\/v2\/product_cat?post=5592"},{"taxonomy":"product_tag","embeddable":true,"href":"https:\/\/www.vieillebranche.fr\/en\/wp-json\/wp\/v2\/product_tag?post=5592"}],"curies":[{"name":"wp","href":"https:\/\/api.w.org\/{rel}","templated":true}]}}