{"id":5525,"date":"2022-07-10T08:48:38","date_gmt":"2022-07-10T08:48:38","guid":{"rendered":"https:\/\/www.vieillebranche.fr\/?post_type=product&#038;p=5525"},"modified":"2025-06-10T06:47:46","modified_gmt":"2025-06-10T06:47:46","slug":"lampe-ampoule-vintage-3","status":"publish","type":"product","link":"https:\/\/www.vieillebranche.fr\/en\/produit\/lampe-ampoule-vintage-3\/","title":{"rendered":"LAMPE CEP DE VIGNE AMPOULE VINTAGE 3"},"content":{"rendered":"\t\t<div data-elementor-type=\"product-post\" data-elementor-id=\"5525\" class=\"elementor elementor-5525\" data-elementor-post-type=\"product\">\n\t\t\t\t\t\t<section class=\"elementor-section elementor-top-section elementor-element elementor-element-a0ca8d7 elementor-section-boxed elementor-section-height-default elementor-section-height-default\" data-id=\"a0ca8d7\" data-element_type=\"section\" data-e-type=\"section\">\n\t\t\t\t\t\t<div class=\"elementor-container elementor-column-gap-default\">\n\t\t\t\t\t<div class=\"elementor-column elementor-col-100 elementor-top-column elementor-element elementor-element-ecce3f5\" data-id=\"ecce3f5\" data-element_type=\"column\" data-e-type=\"column\">\n\t\t\t<div class=\"elementor-widget-wrap elementor-element-populated\">\n\t\t\t\t\t\t<div class=\"elementor-element elementor-element-141342b elementor-widget elementor-widget-text-editor\" data-id=\"141342b\" data-element_type=\"widget\" data-e-type=\"widget\" data-widget_type=\"text-editor.default\">\n\t\t\t\t\t\t\t\t\t<p>Si vous aimez la d\u00e9co \u00e9cologique, alors vous tomberez sous le charme de nos lampes en bois sabl\u00e9 !<\/p><p>Fabrication artisanale \u2013 Nantes Sud Loire<\/p><p>Produit confectionn\u00e9 dans l&#8217;atelier Vieille Branche (socle, pied et c\u00e2ble d&#8217;alimentation)<\/p><p>\u00a0<\/p>\t\t\t\t\t\t\t\t<\/div>\n\t\t\t\t\t<\/div>\n\t\t<\/div>\n\t\t\t\t\t<\/div>\n\t\t<\/section>\n\t\t\t\t<\/div>\n\t\t","protected":false},"excerpt":{"rendered":"<h2>Lampe cep de vigne 1 branche<\/h2>\n<p>Avec son ampoule \u00e0 l&#8217;ancienne de 13 cm, cette lampe authentique diffuse une belle ambiance chaleureuse dans votre pi\u00e8ce.<br \/>\nCette lampe ampoule vintage a \u00e9t\u00e9 confectionn\u00e9e \u00e0 l&#8217;atelier Vieille Branche \u00e0 partir d&#8217;un cep de vigne de plus de 70 ans !<\/p>\n<p>Chaque cep de vigne est unique par nature. Longilignes, naturels, de 1 \u00e0 4 branches, ils ont chacun une histoire \u00e0 raconter.<\/p>\n<p>Cr\u00e9ez votre propre d\u00e9coration en m\u00e9langeant le bois naturel et la lumi\u00e8re vintage.<\/p>\n<p>Poids de la lampe : 2 kg<br \/>\nL&#8217;ampoule vintage est fournie.<\/p>\n","protected":false},"featured_media":5509,"comment_status":"open","ping_status":"closed","template":"","meta":[],"product_brand":[],"product_cat":[18,57],"product_tag":[],"class_list":{"0":"post-5525","1":"product","2":"type-product","3":"status-publish","4":"has-post-thumbnail","6":"product_cat-bois-decoration","7":"product_cat-objet-deco-bois-sable","9":"first","10":"instock","11":"sale","12":"sold-individually","13":"taxable","14":"shipping-taxable","15":"purchasable","16":"product-type-simple"},"_links":{"self":[{"href":"https:\/\/www.vieillebranche.fr\/en\/wp-json\/wp\/v2\/product\/5525","targetHints":{"allow":["GET"]}}],"collection":[{"href":"https:\/\/www.vieillebranche.fr\/en\/wp-json\/wp\/v2\/product"}],"about":[{"href":"https:\/\/www.vieillebranche.fr\/en\/wp-json\/wp\/v2\/types\/product"}],"replies":[{"embeddable":true,"href":"https:\/\/www.vieillebranche.fr\/en\/wp-json\/wp\/v2\/comments?post=5525"}],"version-history":[{"count":0,"href":"https:\/\/www.vieillebranche.fr\/en\/wp-json\/wp\/v2\/product\/5525\/revisions"}],"wp:featuredmedia":[{"embeddable":true,"href":"https:\/\/www.vieillebranche.fr\/en\/wp-json\/wp\/v2\/media\/5509"}],"wp:attachment":[{"href":"https:\/\/www.vieillebranche.fr\/en\/wp-json\/wp\/v2\/media?parent=5525"}],"wp:term":[{"taxonomy":"product_brand","embeddable":true,"href":"https:\/\/www.vieillebranche.fr\/en\/wp-json\/wp\/v2\/product_brand?post=5525"},{"taxonomy":"product_cat","embeddable":true,"href":"https:\/\/www.vieillebranche.fr\/en\/wp-json\/wp\/v2\/product_cat?post=5525"},{"taxonomy":"product_tag","embeddable":true,"href":"https:\/\/www.vieillebranche.fr\/en\/wp-json\/wp\/v2\/product_tag?post=5525"}],"curies":[{"name":"wp","href":"https:\/\/api.w.org\/{rel}","templated":true}]}}