{"id":3988,"date":"2021-08-26T12:25:29","date_gmt":"2021-08-26T12:25:29","guid":{"rendered":"https:\/\/www.vieillebranche.fr\/?post_type=product&#038;p=3988"},"modified":"2024-11-21T10:33:49","modified_gmt":"2024-11-21T10:33:49","slug":"pied-de-vigne-deco-3","status":"publish","type":"product","link":"https:\/\/www.vieillebranche.fr\/en\/produit\/pied-de-vigne-deco-3\/","title":{"rendered":"PIED DE VIGNE D\u00c9CO 3"},"content":{"rendered":"","protected":false},"excerpt":{"rendered":"<h2>Pour tous les amoureux du vieux bois !<\/h2>\n<p>D\u00e9couvrez ce pied de vigne d\u00e9coratif en vieux bois sabl\u00e9 de l&#8217;Atelier Vieille Branche. Depuis plus de 70 ans, il a pouss\u00e9 au rythme des vendanges dans le vignoble nantais.<br \/>\nTr\u00e8s ancien, avec son \u00e9corce mise \u00e0 nu, on peut lire le temps \u00e0 travers les stries du bois.<\/p>\n<p>Object d\u00e9co tr\u00e8s rare.<\/p>\n<p>Poids du cep hors emballage : 2,7 kg<\/p>\n","protected":false},"featured_media":21351,"comment_status":"closed","ping_status":"closed","template":"","meta":[],"product_brand":[],"product_cat":[18,57],"product_tag":[],"class_list":{"0":"post-3988","1":"product","2":"type-product","3":"status-publish","4":"has-post-thumbnail","6":"product_cat-bois-decoration","7":"product_cat-objet-deco-bois-sable","9":"first","10":"instock","11":"taxable","12":"shipping-taxable","13":"purchasable","14":"product-type-simple"},"_links":{"self":[{"href":"https:\/\/www.vieillebranche.fr\/en\/wp-json\/wp\/v2\/product\/3988","targetHints":{"allow":["GET"]}}],"collection":[{"href":"https:\/\/www.vieillebranche.fr\/en\/wp-json\/wp\/v2\/product"}],"about":[{"href":"https:\/\/www.vieillebranche.fr\/en\/wp-json\/wp\/v2\/types\/product"}],"replies":[{"embeddable":true,"href":"https:\/\/www.vieillebranche.fr\/en\/wp-json\/wp\/v2\/comments?post=3988"}],"version-history":[{"count":0,"href":"https:\/\/www.vieillebranche.fr\/en\/wp-json\/wp\/v2\/product\/3988\/revisions"}],"wp:featuredmedia":[{"embeddable":true,"href":"https:\/\/www.vieillebranche.fr\/en\/wp-json\/wp\/v2\/media\/21351"}],"wp:attachment":[{"href":"https:\/\/www.vieillebranche.fr\/en\/wp-json\/wp\/v2\/media?parent=3988"}],"wp:term":[{"taxonomy":"product_brand","embeddable":true,"href":"https:\/\/www.vieillebranche.fr\/en\/wp-json\/wp\/v2\/product_brand?post=3988"},{"taxonomy":"product_cat","embeddable":true,"href":"https:\/\/www.vieillebranche.fr\/en\/wp-json\/wp\/v2\/product_cat?post=3988"},{"taxonomy":"product_tag","embeddable":true,"href":"https:\/\/www.vieillebranche.fr\/en\/wp-json\/wp\/v2\/product_tag?post=3988"}],"curies":[{"name":"wp","href":"https:\/\/api.w.org\/{rel}","templated":true}]}}