{"id":3981,"date":"2021-08-26T09:48:04","date_gmt":"2021-08-26T09:48:04","guid":{"rendered":"https:\/\/www.vieillebranche.fr\/?post_type=product&#038;p=3981"},"modified":"2026-02-07T16:27:15","modified_gmt":"2026-02-07T16:27:15","slug":"pied-de-vigne-deco-bois","status":"publish","type":"product","link":"https:\/\/www.vieillebranche.fr\/en\/produit\/pied-de-vigne-deco-bois\/","title":{"rendered":"PIED DE VIGNE D\u00c9CO &#8211; BOIS NATUREL"},"content":{"rendered":"","protected":false},"excerpt":{"rendered":"<h2>Amoureuse et amoureux des beaux objets en bois naturel !<\/h2>\n<p>D\u00e9couvrez ce pied de vigne d\u00e9co bois naturel sabl\u00e9, de 70 ans d&#8217;\u00e2ge. Fa\u00e7onn\u00e9 depuis des d\u00e9cennies au rythme des vendanges, ce cep de vigne a grandit dans le vignoble nantais \u00e0 Vallet la capitale du Muscadet.<br \/>\nAu sein de notre atelier Vieille Branche d&#8217;Aigrefeuille sur Maine, nous l&#8217;avons nettoy\u00e9, sabl\u00e9, trait\u00e9 et mont\u00e9 sur un socle m\u00e9tallique pour qu&#8217;il devienne une sculpture \u00e0 part enti\u00e8re.<\/p>\n<p>Poids du cep hors emballage : 4,4 kg<\/p>\n","protected":false},"featured_media":21185,"comment_status":"closed","ping_status":"closed","template":"","meta":[],"product_brand":[],"product_cat":[18,57],"product_tag":[],"class_list":{"0":"post-3981","1":"product","2":"type-product","3":"status-publish","4":"has-post-thumbnail","6":"product_cat-bois-decoration","7":"product_cat-objet-deco-bois-sable","9":"first","10":"outofstock","11":"taxable","12":"shipping-taxable","13":"purchasable","14":"product-type-simple"},"_links":{"self":[{"href":"https:\/\/www.vieillebranche.fr\/en\/wp-json\/wp\/v2\/product\/3981","targetHints":{"allow":["GET"]}}],"collection":[{"href":"https:\/\/www.vieillebranche.fr\/en\/wp-json\/wp\/v2\/product"}],"about":[{"href":"https:\/\/www.vieillebranche.fr\/en\/wp-json\/wp\/v2\/types\/product"}],"replies":[{"embeddable":true,"href":"https:\/\/www.vieillebranche.fr\/en\/wp-json\/wp\/v2\/comments?post=3981"}],"version-history":[{"count":1,"href":"https:\/\/www.vieillebranche.fr\/en\/wp-json\/wp\/v2\/product\/3981\/revisions"}],"predecessor-version":[{"id":23804,"href":"https:\/\/www.vieillebranche.fr\/en\/wp-json\/wp\/v2\/product\/3981\/revisions\/23804"}],"wp:featuredmedia":[{"embeddable":true,"href":"https:\/\/www.vieillebranche.fr\/en\/wp-json\/wp\/v2\/media\/21185"}],"wp:attachment":[{"href":"https:\/\/www.vieillebranche.fr\/en\/wp-json\/wp\/v2\/media?parent=3981"}],"wp:term":[{"taxonomy":"product_brand","embeddable":true,"href":"https:\/\/www.vieillebranche.fr\/en\/wp-json\/wp\/v2\/product_brand?post=3981"},{"taxonomy":"product_cat","embeddable":true,"href":"https:\/\/www.vieillebranche.fr\/en\/wp-json\/wp\/v2\/product_cat?post=3981"},{"taxonomy":"product_tag","embeddable":true,"href":"https:\/\/www.vieillebranche.fr\/en\/wp-json\/wp\/v2\/product_tag?post=3981"}],"curies":[{"name":"wp","href":"https:\/\/api.w.org\/{rel}","templated":true}]}}