{"id":3856,"date":"2021-08-17T08:38:17","date_gmt":"2021-08-17T08:38:17","guid":{"rendered":"https:\/\/www.vieillebranche.fr\/?post_type=product&#038;p=3856"},"modified":"2024-10-05T07:40:53","modified_gmt":"2024-10-05T07:40:53","slug":"cep-de-vigne-decoratif-2","status":"publish","type":"product","link":"https:\/\/www.vieillebranche.fr\/en\/produit\/cep-de-vigne-decoratif-2\/","title":{"rendered":"CEP DE VIGNE D\u00c9CORATIF \u2013 3 branches"},"content":{"rendered":"\t\t<div data-elementor-type=\"product-post\" data-elementor-id=\"3856\" class=\"elementor elementor-3856\" data-elementor-post-type=\"product\">\n\t\t\t\t\t\t<section class=\"elementor-section elementor-top-section elementor-element elementor-element-a0ca8d7 elementor-section-boxed elementor-section-height-default elementor-section-height-default\" data-id=\"a0ca8d7\" data-element_type=\"section\" data-e-type=\"section\">\n\t\t\t\t\t\t<div class=\"elementor-container elementor-column-gap-default\">\n\t\t\t\t\t<div class=\"elementor-column elementor-col-100 elementor-top-column elementor-element elementor-element-ecce3f5\" data-id=\"ecce3f5\" data-element_type=\"column\" data-e-type=\"column\">\n\t\t\t<div class=\"elementor-widget-wrap elementor-element-populated\">\n\t\t\t\t\t\t<div class=\"elementor-element elementor-element-141342b elementor-widget elementor-widget-text-editor\" data-id=\"141342b\" data-element_type=\"widget\" data-e-type=\"widget\" data-widget_type=\"text-editor.default\">\n\t\t\t\t\t\t\t\t\t<p>Objet d\u00e9co pour les amoureux\u00b7ses des ambiances scandinaves.<\/p><p>Ce cep de vigne a pouss\u00e9 pendant 70 ans pour produire du Muscadet dans la r\u00e9gion de Vallet.<\/p>\t\t\t\t\t\t\t\t<\/div>\n\t\t\t\t\t<\/div>\n\t\t<\/div>\n\t\t\t\t\t<\/div>\n\t\t<\/section>\n\t\t\t\t<\/div>\n\t\t","protected":false},"excerpt":{"rendered":"<h2>Cep de vigne d\u00e9coratif \u00e0 3 branches : fort caract\u00e8re !<\/h2>\n<p>Nous avons choisi de mettre en valeur l&#8217;aspect rustique d&#8217;un cep authentique et la chaleur du bois.<br \/>\nCette sculpture en bois sabl\u00e9 est confectionn\u00e9e dans l&#8217;atelier &#8220;Vieille Branche&#8221;, \u00e0 partir d&#8217;un cep de vigne de la capital du muscadet.<\/p>\n<p>Elle se marie aussi bien dans une d\u00e9coration moderne, \u00e9pur\u00e9e que dans une ambiance traditionnelle.<\/p>\n<p>Donnez un air de campagne id\u00e9al au style urbain.<\/p>\n<p>Poids : 3,6 kg<\/p>\n","protected":false},"featured_media":21179,"comment_status":"open","ping_status":"closed","template":"","meta":[],"product_brand":[],"product_cat":[18,57],"product_tag":[],"class_list":{"0":"post-3856","1":"product","2":"type-product","3":"status-publish","4":"has-post-thumbnail","6":"product_cat-bois-decoration","7":"product_cat-objet-deco-bois-sable","9":"first","10":"instock","11":"sold-individually","12":"taxable","13":"shipping-taxable","14":"purchasable","15":"product-type-simple"},"_links":{"self":[{"href":"https:\/\/www.vieillebranche.fr\/en\/wp-json\/wp\/v2\/product\/3856","targetHints":{"allow":["GET"]}}],"collection":[{"href":"https:\/\/www.vieillebranche.fr\/en\/wp-json\/wp\/v2\/product"}],"about":[{"href":"https:\/\/www.vieillebranche.fr\/en\/wp-json\/wp\/v2\/types\/product"}],"replies":[{"embeddable":true,"href":"https:\/\/www.vieillebranche.fr\/en\/wp-json\/wp\/v2\/comments?post=3856"}],"version-history":[{"count":0,"href":"https:\/\/www.vieillebranche.fr\/en\/wp-json\/wp\/v2\/product\/3856\/revisions"}],"wp:featuredmedia":[{"embeddable":true,"href":"https:\/\/www.vieillebranche.fr\/en\/wp-json\/wp\/v2\/media\/21179"}],"wp:attachment":[{"href":"https:\/\/www.vieillebranche.fr\/en\/wp-json\/wp\/v2\/media?parent=3856"}],"wp:term":[{"taxonomy":"product_brand","embeddable":true,"href":"https:\/\/www.vieillebranche.fr\/en\/wp-json\/wp\/v2\/product_brand?post=3856"},{"taxonomy":"product_cat","embeddable":true,"href":"https:\/\/www.vieillebranche.fr\/en\/wp-json\/wp\/v2\/product_cat?post=3856"},{"taxonomy":"product_tag","embeddable":true,"href":"https:\/\/www.vieillebranche.fr\/en\/wp-json\/wp\/v2\/product_tag?post=3856"}],"curies":[{"name":"wp","href":"https:\/\/api.w.org\/{rel}","templated":true}]}}