{"id":5852,"date":"2018-11-01T14:42:32","date_gmt":"2018-11-01T14:42:32","guid":{"rendered":"https:\/\/www.vieillebranche.fr\/my-account\/"},"modified":"2022-11-03T16:07:45","modified_gmt":"2022-11-03T16:07:45","slug":"my-account","status":"publish","type":"page","link":"https:\/\/www.vieillebranche.fr\/en\/my-account\/","title":{"rendered":"My Account"},"content":{"rendered":"\t\t<div data-elementor-type=\"wp-post\" data-elementor-id=\"5852\" class=\"elementor elementor-5852 elementor-10\" data-elementor-post-type=\"page\">\n\t\t\t\t\t\t<section class=\"elementor-section elementor-top-section elementor-element elementor-element-3c9c23a6 elementor-section-boxed elementor-section-height-default elementor-section-height-default\" data-id=\"3c9c23a6\" data-element_type=\"section\" data-e-type=\"section\">\n\t\t\t\t\t\t<div class=\"elementor-container elementor-column-gap-default\">\n\t\t\t\t\t<div class=\"elementor-column elementor-col-100 elementor-top-column elementor-element elementor-element-5c2e3204\" data-id=\"5c2e3204\" data-element_type=\"column\" data-e-type=\"column\">\n\t\t\t<div class=\"elementor-widget-wrap elementor-element-populated\">\n\t\t\t\t\t\t<div class=\"elementor-element elementor-element-9dba4c6 e-my-account-tabs-vertical elementor-widget elementor-widget-woocommerce-my-account\" data-id=\"9dba4c6\" data-element_type=\"widget\" data-e-type=\"widget\" data-widget_type=\"woocommerce-my-account.default\">\n\t\t\t\t\t<div class=\"e-my-account-tab e-my-account-tab__ \">\t\t\t<div class=\"woocommerce\"><\/div>\t\t<\/div>\n\t\t\t\t\t\t<\/div>\n\t\t\t\t\t<\/div>\n\t\t<\/div>\n\t\t\t\t\t<\/div>\n\t\t<\/section>\n\t\t\t\t<\/div>\n\t\t","protected":false},"excerpt":{"rendered":"<p>Dashboard My orders Download My addresses Moyens de paiement My account details Disconnecting Bonjour Ronan BERNARD (vous n\u2019\u00eates pas Ronan BERNARD\u00a0? D\u00e9connexion) \u00c0 partir du tableau de bord de votre compte, vous pouvez visualiser vos commandes r\u00e9centes, g\u00e9rer vos adresses de livraison et de facturation ainsi que changer votre mot de passe et les d\u00e9tails [&hellip;]<\/p>\n","protected":false},"author":1,"featured_media":0,"parent":0,"menu_order":0,"comment_status":"closed","ping_status":"closed","template":"elementor_header_footer","meta":{"footnotes":""},"class_list":["post-5852","page","type-page","status-publish","hentry"],"_links":{"self":[{"href":"https:\/\/www.vieillebranche.fr\/en\/wp-json\/wp\/v2\/pages\/5852","targetHints":{"allow":["GET"]}}],"collection":[{"href":"https:\/\/www.vieillebranche.fr\/en\/wp-json\/wp\/v2\/pages"}],"about":[{"href":"https:\/\/www.vieillebranche.fr\/en\/wp-json\/wp\/v2\/types\/page"}],"author":[{"embeddable":true,"href":"https:\/\/www.vieillebranche.fr\/en\/wp-json\/wp\/v2\/users\/1"}],"replies":[{"embeddable":true,"href":"https:\/\/www.vieillebranche.fr\/en\/wp-json\/wp\/v2\/comments?post=5852"}],"version-history":[{"count":0,"href":"https:\/\/www.vieillebranche.fr\/en\/wp-json\/wp\/v2\/pages\/5852\/revisions"}],"wp:attachment":[{"href":"https:\/\/www.vieillebranche.fr\/en\/wp-json\/wp\/v2\/media?parent=5852"}],"curies":[{"name":"wp","href":"https:\/\/api.w.org\/{rel}","templated":true}]}}